{"id":28,"date":"2011-05-13T08:59:56","date_gmt":"2011-05-13T08:59:56","guid":{"rendered":"http:\/\/www.orupslantgard.se\/?page_id=28"},"modified":"2015-09-17T13:30:43","modified_gmt":"2015-09-17T13:30:43","slug":"garden","status":"publish","type":"page","link":"https:\/\/www.orupslantgard.se\/?page_id=28","title":{"rendered":"G\u00e5rden"},"content":{"rendered":"<p><iframe loading=\"lazy\" width=\"640\" height=\"360\" src=\"https:\/\/www.youtube.com\/embed\/rxRtgT9IeUQ?feature=player_detailpage\" frameborder=\"0\" allowfullscreen><\/iframe><\/p>\n<p>G\u00e5rden \u00e4r i genuin korsvirkes stil med anor \u00e4nda fr\u00e5n 1670 d\u00e5 det tillh\u00f6rde Bosj\u00f6kloster.<br \/>\nSedemera f\u00f6rv\u00e4rvades g\u00e5rden av Staten d\u00e5 Orups sjukhus med tillh\u00f6rande f\u00f6rsvarsanl\u00e4ggning etablerades. P\u00e5 g\u00e5rden odlades hela sjukhusets behov av gr\u00f6nsaker. Dessutom h\u00f6lls h\u00e4r h\u00e4star och vagnar som anv\u00e4ndes f\u00f6r patienttransporter fr\u00e5n t\u00e5gstationen till sjukhuset.<\/p>\nngg_shortcode_0_placeholder\n","protected":false},"excerpt":{"rendered":"<p>G\u00e5rden \u00e4r i genuin korsvirkes stil med anor \u00e4nda fr\u00e5n 1670 d\u00e5 det tillh\u00f6rde Bosj\u00f6kloster. Sedemera f\u00f6rv\u00e4rvades g\u00e5rden av Staten d\u00e5 Orups sjukhus med tillh\u00f6rande f\u00f6rsvarsanl\u00e4ggning etablerades. P\u00e5 g\u00e5rden odlades hela sjukhusets behov av gr\u00f6nsaker. Dessutom h\u00f6lls h\u00e4r h\u00e4star och vagnar som anv\u00e4ndes f\u00f6r patienttransporter fr\u00e5n t\u00e5gstationen till sjukhuset.<\/p>\n","protected":false},"author":2,"featured_media":0,"parent":0,"menu_order":1,"comment_status":"closed","ping_status":"closed","template":"","meta":{"ngg_post_thumbnail":0},"_links":{"self":[{"href":"https:\/\/www.orupslantgard.se\/index.php?rest_route=\/wp\/v2\/pages\/28"}],"collection":[{"href":"https:\/\/www.orupslantgard.se\/index.php?rest_route=\/wp\/v2\/pages"}],"about":[{"href":"https:\/\/www.orupslantgard.se\/index.php?rest_route=\/wp\/v2\/types\/page"}],"author":[{"embeddable":true,"href":"https:\/\/www.orupslantgard.se\/index.php?rest_route=\/wp\/v2\/users\/2"}],"replies":[{"embeddable":true,"href":"https:\/\/www.orupslantgard.se\/index.php?rest_route=%2Fwp%2Fv2%2Fcomments&post=28"}],"version-history":[{"count":21,"href":"https:\/\/www.orupslantgard.se\/index.php?rest_route=\/wp\/v2\/pages\/28\/revisions"}],"predecessor-version":[{"id":365,"href":"https:\/\/www.orupslantgard.se\/index.php?rest_route=\/wp\/v2\/pages\/28\/revisions\/365"}],"wp:attachment":[{"href":"https:\/\/www.orupslantgard.se\/index.php?rest_route=%2Fwp%2Fv2%2Fmedia&parent=28"}],"curies":[{"name":"wp","href":"https:\/\/api.w.org\/{rel}","templated":true}]}}