{"id":2,"date":"2011-05-12T07:10:23","date_gmt":"2011-05-12T07:10:23","guid":{"rendered":"http:\/\/www.orupslantgard.se\/?page_id=2"},"modified":"2020-06-08T15:50:07","modified_gmt":"2020-06-08T15:50:07","slug":"exempelsida","status":"publish","type":"page","link":"https:\/\/www.orupslantgard.se\/?page_id=2","title":{"rendered":"G\u00e5rdens djur"},"content":{"rendered":"<p>P\u00e5 g\u00e5rden har vi Sussexh\u00f6ns, Dv\u00e4rgh\u00f6ns, \u00a0G\u00e4ss och Gutef\u00e5r&#8230;&#8230;&#8230;<\/p>\n<p><iframe loading=\"lazy\" width=\"560\" height=\"315\" src=\"https:\/\/www.youtube.com\/embed\/jYK5uQkn6AU\" frameborder=\"0\" allow=\"accelerometer; autoplay; encrypted-media; gyroscope; picture-in-picture\" allowfullscreen><\/iframe><\/p>\n<div><span style=\"font-size: xx-small;\">ngg_shortcode_0_placeholder<\/span><\/div>\n","protected":false},"excerpt":{"rendered":"<p>P\u00e5 g\u00e5rden har vi Sussexh\u00f6ns, Dv\u00e4rgh\u00f6ns, \u00a0G\u00e4ss och Gutef\u00e5r&#8230;&#8230;&#8230;<\/p>\n","protected":false},"author":1,"featured_media":0,"parent":0,"menu_order":3,"comment_status":"closed","ping_status":"closed","template":"","meta":{"ngg_post_thumbnail":0},"_links":{"self":[{"href":"https:\/\/www.orupslantgard.se\/index.php?rest_route=\/wp\/v2\/pages\/2"}],"collection":[{"href":"https:\/\/www.orupslantgard.se\/index.php?rest_route=\/wp\/v2\/pages"}],"about":[{"href":"https:\/\/www.orupslantgard.se\/index.php?rest_route=\/wp\/v2\/types\/page"}],"author":[{"embeddable":true,"href":"https:\/\/www.orupslantgard.se\/index.php?rest_route=\/wp\/v2\/users\/1"}],"replies":[{"embeddable":true,"href":"https:\/\/www.orupslantgard.se\/index.php?rest_route=%2Fwp%2Fv2%2Fcomments&post=2"}],"version-history":[{"count":27,"href":"https:\/\/www.orupslantgard.se\/index.php?rest_route=\/wp\/v2\/pages\/2\/revisions"}],"predecessor-version":[{"id":430,"href":"https:\/\/www.orupslantgard.se\/index.php?rest_route=\/wp\/v2\/pages\/2\/revisions\/430"}],"wp:attachment":[{"href":"https:\/\/www.orupslantgard.se\/index.php?rest_route=%2Fwp%2Fv2%2Fmedia&parent=2"}],"curies":[{"name":"wp","href":"https:\/\/api.w.org\/{rel}","templated":true}]}}