{"id":124,"date":"2015-07-03T14:15:23","date_gmt":"2015-07-03T14:15:23","guid":{"rendered":"http:\/\/www.orupslantgard.se\/?page_id=124"},"modified":"2021-06-10T08:59:17","modified_gmt":"2021-06-10T08:59:17","slug":"valkommen-till-orups-lantgard","status":"publish","type":"page","link":"https:\/\/www.orupslantgard.se\/","title":{"rendered":"V\u00e4lkommen till Orups Lantg\u00e5rd"},"content":{"rendered":"<blockquote><p>I naturskyddsomr\u00e5de p\u00e5 toppen av Orupsberget, natursk\u00f6nt omgiven av bokskog och unik m\u00e5nghundra\u00e5rig ekskog<\/p><\/blockquote>\n<p><iframe loading=\"lazy\" src=\"https:\/\/orupslantgard.se\/pano\/start.html\" width=\"100%\" height=\"442\" frameborder=\"0\"><\/iframe><br \/>\n<strong>Ta en virituell tur p\u00e5 v\u00e5r g\u00e5rd.<\/strong> H\u00e5ll ner muspekaren p\u00e5 bilden f\u00f6r att f\u00f6rflytta dig p\u00e5 g\u00e5rden.<\/p>\n","protected":false},"excerpt":{"rendered":"<p>I naturskyddsomr\u00e5de p\u00e5 toppen av Orupsberget, natursk\u00f6nt omgiven av bokskog och unik m\u00e5nghundra\u00e5rig ekskog Ta en virituell tur p\u00e5 v\u00e5r g\u00e5rd. H\u00e5ll ner muspekaren p\u00e5 bilden f\u00f6r att f\u00f6rflytta dig p\u00e5 g\u00e5rden.<\/p>\n","protected":false},"author":1,"featured_media":134,"parent":0,"menu_order":0,"comment_status":"closed","ping_status":"closed","template":"","meta":{"ngg_post_thumbnail":0},"_links":{"self":[{"href":"https:\/\/www.orupslantgard.se\/index.php?rest_route=\/wp\/v2\/pages\/124"}],"collection":[{"href":"https:\/\/www.orupslantgard.se\/index.php?rest_route=\/wp\/v2\/pages"}],"about":[{"href":"https:\/\/www.orupslantgard.se\/index.php?rest_route=\/wp\/v2\/types\/page"}],"author":[{"embeddable":true,"href":"https:\/\/www.orupslantgard.se\/index.php?rest_route=\/wp\/v2\/users\/1"}],"replies":[{"embeddable":true,"href":"https:\/\/www.orupslantgard.se\/index.php?rest_route=%2Fwp%2Fv2%2Fcomments&post=124"}],"version-history":[{"count":60,"href":"https:\/\/www.orupslantgard.se\/index.php?rest_route=\/wp\/v2\/pages\/124\/revisions"}],"predecessor-version":[{"id":435,"href":"https:\/\/www.orupslantgard.se\/index.php?rest_route=\/wp\/v2\/pages\/124\/revisions\/435"}],"wp:featuredmedia":[{"embeddable":true,"href":"https:\/\/www.orupslantgard.se\/index.php?rest_route=\/wp\/v2\/media\/134"}],"wp:attachment":[{"href":"https:\/\/www.orupslantgard.se\/index.php?rest_route=%2Fwp%2Fv2%2Fmedia&parent=124"}],"curies":[{"name":"wp","href":"https:\/\/api.w.org\/{rel}","templated":true}]}}